{"id":1134,"date":"2024-11-06T10:20:34","date_gmt":"2024-11-06T10:20:34","guid":{"rendered":"https:\/\/staging.languages.upatras.gr\/%ce%b4%ce%b9%ce%bc%ce%b5%cf%81%ce%b5%ce%af%cf%82-%cf%83%cf%85%ce%bc%cf%86%cf%89%ce%bd%ce%af%ce%b5%cf%82\/"},"modified":"2026-03-13T09:59:05","modified_gmt":"2026-03-13T09:59:05","slug":"dimereis-symfonies","status":"publish","type":"page","link":"https:\/\/languages.upatras.gr\/el\/dimereis-symfonies\/","title":{"rendered":"\u0394\u03b9\u03bc\u03b5\u03c1\u03b5\u03af\u03c2 \u03a3\u03c5\u03bc\u03c6\u03c9\u03bd\u03af\u03b5\u03c2"},"content":{"rendered":"<div class=\"fusion-fullwidth fullwidth-box fusion-builder-row-1 fusion-flex-container has-pattern-background has-mask-background nonhundred-percent-fullwidth non-hundred-percent-height-scrolling\" style=\"--awb-border-radius-top-left:0px;--awb-border-radius-top-right:0px;--awb-border-radius-bottom-right:0px;--awb-border-radius-bottom-left:0px;--awb-flex-wrap:wrap;\" ><div class=\"fusion-builder-row fusion-row fusion-flex-align-items-flex-start fusion-flex-content-wrap\" style=\"max-width:1248px;margin-left: calc(-4% \/ 2 );margin-right: calc(-4% \/ 2 );\"><div class=\"fusion-layout-column fusion_builder_column fusion-builder-column-0 fusion_builder_column_1_2 1_2 fusion-flex-column\" style=\"--awb-bg-size:cover;--awb-box-shadow: 0px 0px ;;--awb-border-color:var(--awb-color2);--awb-border-bottom:2px;--awb-border-style:solid;--awb-width-large:50%;--awb-margin-top-large:0px;--awb-spacing-right-large:3.84%;--awb-margin-bottom-large:20px;--awb-spacing-left-large:3.84%;--awb-width-medium:50%;--awb-order-medium:0;--awb-spacing-right-medium:3.84%;--awb-spacing-left-medium:3.84%;--awb-width-small:100%;--awb-order-small:0;--awb-spacing-right-small:1.92%;--awb-spacing-left-small:1.92%;\"><div class=\"fusion-column-wrapper fusion-column-has-shadow fusion-flex-justify-content-flex-start fusion-content-layout-column\"><div class=\"fusion-title title fusion-title-1 fusion-sep-none fusion-title-center fusion-title-text fusion-title-size-two fusion-text-has-stroke bilateral_agreements\" style=\"--awb-text-color:var(--awb-color7);--awb-text-stroke-size:0px;\"><h2 class=\"fusion-title-heading title-heading-center\" style=\"margin:0;\">University of Zilina<\/h2><\/div><div class=\"fusion-text fusion-text-1\"><p><strong>\u03a0\u03b1\u03bd\u03b5\u03c0\u03b9\u03c3\u03c4\u03ae\u03bc\u03b9\u03bf \u03a0\u03b1\u03c4\u03c1\u03ce\u03bd &#8211; <\/strong><strong>\u0394\u03b9\u03b4\u03b1\u03c3\u03ba\u03b1\u03bb\u03b5\u03af\u03bf \u039e\u03ad\u03bd\u03c9\u03bd \u0393\u03bb\u03c9\u03c3\u03c3\u03ce\u03bd<\/strong><br \/>\u0394\u03b9\u03b4\u03b1\u03ba\u03c4\u03b9\u03ba\u03cc \u03a0\u03c1\u03bf\u03c3\u03c9\u03c0\u03b9\u03ba\u03cc: <a href=\"https:\/\/languages.upatras.gr\/el\/faculty-staff\/manousakis-vasileios\/\">\u039c\u03b1\u03bd\u03bf\u03c5\u03c3\u03ac\u03ba\u03b7\u03c2 \u0392\u03b1\u03c3\u03af\u03bb\u03b5\u03b9\u03bf\u03c2<\/a>, <a href=\"https:\/\/languages.upatras.gr\/el\/faculty-staff\/zorbas-vasileios\/\">\u0396\u03bf\u03c1\u03bc\u03c0\u03ac\u03c2 \u0392\u03b1\u03c3\u03af\u03bb\u03b5\u03b9\u03bf\u03c2<\/a><\/p>\n<p><strong>\u03a3\u03c5\u03bd\u03b5\u03c1\u03b3\u03b1\u03b6\u03cc\u03bc\u03b5\u03bd\u03bf \u03a0\u03b1\u03bd\u03b5\u03c0\u03b9\u03c3\u03c4\u03ae\u03bc\u03b9\u03bf<\/strong><\/p>\n<p>University of Zilina &#8211; \u03a3\u03c7\u03bf\u03bb\u03ae: Institute of Lifelong Learning<br \/>\u03a3\u03c5\u03bd\u03c4\u03bf\u03bd\u03b9\u03c3\u03c4\u03ae\u03c2: Dr. Marcela Bar\u010d\u00e1kov\u00e1<br \/>\u03a7\u03ce\u03c1\u03b1: \u03a3\u03bb\u03bf\u03b2\u03b1\u03ba\u03af\u03b1<br \/>\u0386\u03c4\u03bf\u03bc\u03bf \u0395\u03c0\u03b9\u03ba\u03bf\u03b9\u03bd\u03c9\u03bd\u03af\u03b1\u03c2: Katar\u00edna Smolkov\u00e1<br \/><i class=\"fusion-li-icon fa-envelope fas\" aria-hidden=\"true\"><\/i> E-mail : <a href=\"mailto:katarina.smolkova@uniza.sk\">katarina.smolkova@uniza.sk<\/a><br \/><i class=\"fusion-li-icon fa-globe fas\" aria-hidden=\"true\"><\/i> \u0394\u03b9\u03b1\u03b4\u03b9\u03ba\u03c4\u03c5\u03b1\u03ba\u03cc\u03c2 \u03a4\u03cc\u03c0\u03bf\u03c2: <a href=\"https:\/\/uniza.sk\/\" target=\"_blank\" rel=\"noopener\">https:\/\/uniza.sk\/<\/a><\/p>\n<p><strong>\u039b\u03b5\u03c0\u03c4\u03bf\u03bc\u03ad\u03c1\u03b5\u03b9\u03b5\u03c2<\/strong><\/p>\n<p>\u039a\u03c9\u03b4\u03b9\u03ba\u03cc\u03c2 Erasmus+ : SK ZILINA01<br \/>\u03a3\u03b5 \u03b9\u03c3\u03c7\u03cd: 2024 to 2029<br \/>\u039a\u03c9\u03b4\u03b9\u03ba\u03bf\u03af \u039c\u03b1\u03b8\u03b7\u03bc\u03ac\u03c4\u03c9\u03bd: 0230 English Language and Literature<br \/><i class=\"fusion-li-icon fa-file-pdf fas\" aria-hidden=\"true\"><\/i> <a href=\"https:\/\/erasmus.upatras.gr\/sites\/default\/files\/agreements\/iia_sk_zilina01_0230.pdf\">\u03a0\u03bb\u03ae\u03c1\u03b5\u03c2 \u03ba\u03b5\u03af\u03bc\u03b5\u03bd\u03bf \u03c3\u03c5\u03bc\u03c6\u03c9\u03bd\u03af\u03b1\u03c2<\/a><\/p>\n<\/div><\/div><\/div><div class=\"fusion-layout-column fusion_builder_column fusion-builder-column-1 fusion_builder_column_1_2 1_2 fusion-flex-column\" style=\"--awb-bg-size:cover;--awb-box-shadow: 0px 0px ;;--awb-border-color:var(--awb-color2);--awb-border-bottom:2px;--awb-border-style:solid;--awb-width-large:50%;--awb-margin-top-large:0px;--awb-spacing-right-large:3.84%;--awb-margin-bottom-large:20px;--awb-spacing-left-large:3.84%;--awb-width-medium:50%;--awb-order-medium:0;--awb-spacing-right-medium:3.84%;--awb-spacing-left-medium:3.84%;--awb-width-small:100%;--awb-order-small:0;--awb-spacing-right-small:1.92%;--awb-spacing-left-small:1.92%;\"><div class=\"fusion-column-wrapper fusion-column-has-shadow fusion-flex-justify-content-flex-start fusion-content-layout-column\"><div class=\"fusion-title title fusion-title-2 fusion-sep-none fusion-title-center fusion-title-text fusion-title-size-two fusion-text-has-stroke bilateral_agreements\" style=\"--awb-text-color:var(--awb-color7);--awb-text-stroke-size:0px;\"><h2 class=\"fusion-title-heading title-heading-center\" style=\"margin:0;\">Universit\u00e0 di Pisa<\/h2><\/div><div class=\"fusion-text fusion-text-2\"><p><strong>\u03a0\u03b1\u03bd\u03b5\u03c0\u03b9\u03c3\u03c4\u03ae\u03bc\u03b9\u03bf \u03a0\u03b1\u03c4\u03c1\u03ce\u03bd &#8211; <\/strong><strong>\u0394\u03b9\u03b4\u03b1\u03c3\u03ba\u03b1\u03bb\u03b5\u03af\u03bf \u039e\u03ad\u03bd\u03c9\u03bd \u0393\u03bb\u03c9\u03c3\u03c3\u03ce\u03bd<\/strong><br \/>\u0394\u03b9\u03b4\u03b1\u03ba\u03c4\u03b9\u03ba\u03cc \u03a0\u03c1\u03bf\u03c3\u03c9\u03c0\u03b9\u03ba\u03cc: <a href=\"https:\/\/languages.upatras.gr\/el\/faculty-staff\/manousakis-vasileios\/\">\u039c\u03b1\u03bd\u03bf\u03c5\u03c3\u03ac\u03ba\u03b7\u03c2 \u0392\u03b1\u03c3\u03af\u03bb\u03b5\u03b9\u03bf\u03c2<\/a>, <a href=\"https:\/\/languages.upatras.gr\/el\/faculty-staff\/zorbas-vasileios\/\">\u0396\u03bf\u03c1\u03bc\u03c0\u03ac\u03c2 \u0392\u03b1\u03c3\u03af\u03bb\u03b5\u03b9\u03bf\u03c2<\/a><\/p>\n<p><strong>\u03a3\u03c5\u03bd\u03b5\u03c1\u03b3\u03b1\u03b6\u03cc\u03bc\u03b5\u03bd\u03bf \u03a0\u03b1\u03bd\u03b5\u03c0\u03b9\u03c3\u03c4\u03ae\u03bc\u03b9\u03bf<\/strong><\/p>\n<p>Universit\u00e0 di Pisa<br \/>\u03a3\u03c5\u03bd\u03c4\u03bf\u03bd\u03b9\u03c3\u03c4\u03ae\u03c2: Prof. Laura Carrara<br \/>\u03a7\u03ce\u03c1\u03b1: \u0399\u03c4\u03b1\u03bb\u03af\u03b1<br \/>\u0386\u03c4\u03bf\u03bc\u03bf \u0395\u03c0\u03b9\u03ba\u03bf\u03b9\u03bd\u03c9\u03bd\u03af\u03b1\u03c2: Giorgia Passavanti<br \/><i class=\"fusion-li-icon fa-envelope fas\" aria-hidden=\"true\"><\/i> E-mail : <a href=\"mailto:giorgia.passavanti@unipi.it\">giorgia.passavanti@unipi.it<\/a><br \/><i class=\"fusion-li-icon fa-globe fas\" aria-hidden=\"true\"><\/i> Website: <a target=\"_blank\" rel=\"noopener\">https:\/\/www.unipi.it\/<\/a><\/p>\n<p><strong>\u039b\u03b5\u03c0\u03c4\u03bf\u03bc\u03ad\u03c1\u03b5\u03b9\u03b5\u03c2<\/strong><\/p>\n<p>\u039a\u03c9\u03b4\u03b9\u03ba\u03cc\u03c2 Erasmus+ : I PISA01<br \/>\u03a3\u03b5 \u03b9\u03c3\u03c7\u03cd: 2024 to 2029<br \/>\u039a\u03c9\u03b4\u03b9\u03ba\u03bf\u03af \u039c\u03b1\u03b8\u03b7\u03bc\u03ac\u03c4\u03c9\u03bd: 0230 Languages<br \/><i class=\"fusion-li-icon fa-file-pdf fas\" aria-hidden=\"true\"><\/i> <a href=\"https:\/\/erasmus.upatras.gr\/sites\/default\/files\/agreements\/iia_i_pisa01_0230_not_finalized.pdf\">\u03a0\u03bb\u03ae\u03c1\u03b5\u03c2 \u03ba\u03b5\u03af\u03bc\u03b5\u03bd\u03bf \u03c3\u03c5\u03bc\u03c6\u03c9\u03bd\u03af\u03b1\u03c2<\/a><\/p>\n<\/div><\/div><\/div><div class=\"fusion-layout-column fusion_builder_column fusion-builder-column-2 fusion_builder_column_1_2 1_2 fusion-flex-column\" style=\"--awb-bg-size:cover;--awb-box-shadow: 0px 0px ;;--awb-border-color:var(--awb-color2);--awb-border-bottom:2px;--awb-border-style:solid;--awb-width-large:50%;--awb-margin-top-large:0px;--awb-spacing-right-large:3.84%;--awb-margin-bottom-large:20px;--awb-spacing-left-large:3.84%;--awb-width-medium:50%;--awb-order-medium:0;--awb-spacing-right-medium:3.84%;--awb-spacing-left-medium:3.84%;--awb-width-small:100%;--awb-order-small:0;--awb-spacing-right-small:1.92%;--awb-spacing-left-small:1.92%;\"><div class=\"fusion-column-wrapper fusion-column-has-shadow fusion-flex-justify-content-flex-start fusion-content-layout-column\"><div class=\"fusion-title title fusion-title-3 fusion-sep-none fusion-title-center fusion-title-text fusion-title-size-two fusion-text-has-stroke bilateral_agreements\" style=\"--awb-text-color:var(--awb-color7);--awb-text-stroke-size:0px;\"><h2 class=\"fusion-title-heading title-heading-center\" style=\"margin:0;\">Universita per Stranieri di Siena<\/h2><\/div><div class=\"fusion-text fusion-text-3\"><p><strong>\u03a0\u03b1\u03bd\u03b5\u03c0\u03b9\u03c3\u03c4\u03ae\u03bc\u03b9\u03bf \u03a0\u03b1\u03c4\u03c1\u03ce\u03bd &#8211; <\/strong><strong>\u0394\u03b9\u03b4\u03b1\u03c3\u03ba\u03b1\u03bb\u03b5\u03af\u03bf \u039e\u03ad\u03bd\u03c9\u03bd \u0393\u03bb\u03c9\u03c3\u03c3\u03ce\u03bd<\/strong><br \/>\u0394\u03b9\u03b4\u03b1\u03ba\u03c4\u03b9\u03ba\u03cc \u03a0\u03c1\u03bf\u03c3\u03c9\u03c0\u03b9\u03ba\u03cc: <a href=\"https:\/\/languages.upatras.gr\/el\/faculty-staff\/manousakis-vasileios\/\">\u039c\u03b1\u03bd\u03bf\u03c5\u03c3\u03ac\u03ba\u03b7\u03c2 \u0392\u03b1\u03c3\u03af\u03bb\u03b5\u03b9\u03bf\u03c2<\/a>, <a href=\"https:\/\/languages.upatras.gr\/el\/faculty-staff\/zorbas-vasileios\/\">\u0396\u03bf\u03c1\u03bc\u03c0\u03ac\u03c2 \u0392\u03b1\u03c3\u03af\u03bb\u03b5\u03b9\u03bf\u03c2<\/a><\/p>\n<p><strong>\u03a3\u03c5\u03bd\u03b5\u03c1\u03b3\u03b1\u03b6\u03cc\u03bc\u03b5\u03bd\u03bf \u03a0\u03b1\u03bd\u03b5\u03c0\u03b9\u03c3\u03c4\u03ae\u03bc\u03b9\u03bf<\/strong><\/p>\n<p>Universita per Stranieri di Siena<br \/>\u03a7\u03ce\u03c1\u03b1: \u0399\u03c4\u03b1\u03bb\u03af\u03b1<br \/>\u03a0\u03cc\u03bb\u03b7: \u03a3\u03b9\u03ad\u03bd\u03b1<br \/><i class=\"fusion-li-icon fa-envelope fas\" aria-hidden=\"true\"><\/i> E-mail : <a href=\"mailto:erasmus@unistrasi.it\">erasmus@unistrasi.it<\/a><br \/><i class=\"fusion-li-icon fa-globe fas\" aria-hidden=\"true\"><\/i> \u0394\u03b9\u03b1\u03b4\u03b9\u03ba\u03c4\u03c5\u03b1\u03ba\u03cc\u03c2 \u03a4\u03cc\u03c0\u03bf\u03c2: <a href=\"https:\/\/www.unistrasi.it\/\" target=\"_blank\" rel=\"noopener\">https:\/\/www.unistrasi.it\/<\/a><\/p>\n<p><strong>\u039b\u03b5\u03c0\u03c4\u03bf\u03bc\u03ad\u03c1\u03b5\u03b9\u03b5\u03c2<\/strong><\/p>\n<p>\u039a\u03c9\u03b4\u03b9\u03ba\u03cc\u03c2 Erasmus+ : I SIENA02<br \/>\u03a3\u03b5 \u03b9\u03c3\u03c7\u03cd: 2017 to 2029<br \/>\u039a\u03c9\u03b4\u03b9\u03ba\u03bf\u03af \u039c\u03b1\u03b8\u03b7\u03bc\u03ac\u03c4\u03c9\u03bd: 0230 Languages<br \/><i class=\"fusion-li-icon fa-file-pdf fas\" aria-hidden=\"true\"><\/i> <a href=\"https:\/\/erasmus.upatras.gr\/sites\/default\/files\/agreements\/iia_i_siena02_0230.pdf\">\u03a0\u03bb\u03ae\u03c1\u03b5\u03c2 \u03ba\u03b5\u03af\u03bc\u03b5\u03bd\u03bf \u03c3\u03c5\u03bc\u03c6\u03c9\u03bd\u03af\u03b1\u03c2<\/a><\/p>\n<\/div><\/div><\/div><div class=\"fusion-layout-column fusion_builder_column fusion-builder-column-3 fusion_builder_column_1_2 1_2 fusion-flex-column\" style=\"--awb-bg-size:cover;--awb-box-shadow: 0px 0px ;;--awb-border-color:var(--awb-color2);--awb-border-bottom:2px;--awb-border-style:solid;--awb-width-large:50%;--awb-margin-top-large:0px;--awb-spacing-right-large:3.84%;--awb-margin-bottom-large:20px;--awb-spacing-left-large:3.84%;--awb-width-medium:50%;--awb-order-medium:0;--awb-spacing-right-medium:3.84%;--awb-spacing-left-medium:3.84%;--awb-width-small:100%;--awb-order-small:0;--awb-spacing-right-small:1.92%;--awb-spacing-left-small:1.92%;\"><div class=\"fusion-column-wrapper fusion-column-has-shadow fusion-flex-justify-content-flex-start fusion-content-layout-column\"><div class=\"fusion-title title fusion-title-4 fusion-sep-none fusion-title-center fusion-title-text fusion-title-size-two fusion-text-has-stroke bilateral_agreements\" style=\"--awb-text-color:var(--awb-color7);--awb-text-stroke-size:0px;\"><h2 class=\"fusion-title-heading title-heading-center\" style=\"margin:0;\">Universit\u00e0 per Stranieri di Perugia<\/h2><\/div><div class=\"fusion-text fusion-text-4\"><p><strong>\u03a0\u03b1\u03bd\u03b5\u03c0\u03b9\u03c3\u03c4\u03ae\u03bc\u03b9\u03bf \u03a0\u03b1\u03c4\u03c1\u03ce\u03bd &#8211; <\/strong><strong>\u0394\u03b9\u03b4\u03b1\u03c3\u03ba\u03b1\u03bb\u03b5\u03af\u03bf \u039e\u03ad\u03bd\u03c9\u03bd \u0393\u03bb\u03c9\u03c3\u03c3\u03ce\u03bd<\/strong><br \/>\u0394\u03b9\u03b4\u03b1\u03ba\u03c4\u03b9\u03ba\u03cc \u03a0\u03c1\u03bf\u03c3\u03c9\u03c0\u03b9\u03ba\u03cc: <a href=\"https:\/\/languages.upatras.gr\/el\/faculty-staff\/manousakis-vasileios\/\">\u039c\u03b1\u03bd\u03bf\u03c5\u03c3\u03ac\u03ba\u03b7\u03c2 \u0392\u03b1\u03c3\u03af\u03bb\u03b5\u03b9\u03bf\u03c2<\/a>, <a href=\"https:\/\/languages.upatras.gr\/el\/faculty-staff\/zorbas-vasileios\/\">\u0396\u03bf\u03c1\u03bc\u03c0\u03ac\u03c2 \u0392\u03b1\u03c3\u03af\u03bb\u03b5\u03b9\u03bf\u03c2<\/a><\/p>\n<p><strong>\u03a3\u03c5\u03bd\u03b5\u03c1\u03b3\u03b1\u03b6\u03cc\u03bc\u03b5\u03bd\u03bf \u03a0\u03b1\u03bd\u03b5\u03c0\u03b9\u03c3\u03c4\u03ae\u03bc\u03b9\u03bf<\/strong><\/p>\n<p>Universit\u00e0 per Stranieri di Perugia<br \/>\u03a3\u03c5\u03bd\u03c4\u03bf\u03bd\u03b9\u03c3\u03c4\u03ae\u03c2: Filippo Capruzzi<br \/>\u03a7\u03ce\u03c1\u03b1: \u0399\u03c4\u03b1\u03bb\u03af\u03b1<br \/><i class=\"fusion-li-icon fa-envelope fas\" aria-hidden=\"true\"><\/i> E-mail : <a href=\"mailto:erasmus@unistrapg.it\">erasmus@unistrapg.it<\/a><br \/><i class=\"fusion-li-icon fa-globe fas\" aria-hidden=\"true\"><\/i> \u0394\u03b9\u03b1\u03b4\u03b9\u03ba\u03c4\u03c5\u03b1\u03ba\u03cc\u03c2 \u03a4\u03cc\u03c0\u03bf\u03c2: <a href=\"https:\/\/www.unistrapg.it\/\" target=\"_blank\" rel=\"noopener\">https:\/\/www.unistrapg.it\/<\/a><\/p>\n<p><strong>\u039b\u03b5\u03c0\u03c4\u03bf\u03bc\u03ad\u03c1\u03b5\u03b9\u03b5\u03c2<\/strong><\/p>\n<p>\u039a\u03c9\u03b4\u03b9\u03ba\u03cc\u03c2 Erasmus+ : I PERUGIA06<br \/>\u03a3\u03b5 \u03b9\u03c3\u03c7\u03cd: 2023 to 2029<br \/>\u039a\u03c9\u03b4\u03b9\u03ba\u03bf\u03af \u039c\u03b1\u03b8\u03b7\u03bc\u03ac\u03c4\u03c9\u03bd: 0230 Languages<br \/><i class=\"fusion-li-icon fa-file-pdf fas\" aria-hidden=\"true\"><\/i> <a href=\"https:\/\/erasmus.upatras.gr\/sites\/default\/files\/agreements\/iia_i_perugia06_0230.pdf\">\u03a0\u03bb\u03ae\u03c1\u03b5\u03c2 \u03ba\u03b5\u03af\u03bc\u03b5\u03bd\u03bf \u03c3\u03c5\u03bc\u03c6\u03c9\u03bd\u03af\u03b1\u03c2<\/a><\/p>\n<\/div><\/div><\/div><\/div><\/div>\n","protected":false},"excerpt":{"rendered":"","protected":false},"author":2,"featured_media":1208,"parent":0,"menu_order":0,"comment_status":"closed","ping_status":"closed","template":"","meta":{"_acf_changed":false,"footnotes":""},"class_list":["post-1134","page","type-page","status-publish","has-post-thumbnail","hentry"],"acf":[],"_links":{"self":[{"href":"https:\/\/languages.upatras.gr\/el\/wp-json\/wp\/v2\/pages\/1134","targetHints":{"allow":["GET"]}}],"collection":[{"href":"https:\/\/languages.upatras.gr\/el\/wp-json\/wp\/v2\/pages"}],"about":[{"href":"https:\/\/languages.upatras.gr\/el\/wp-json\/wp\/v2\/types\/page"}],"author":[{"embeddable":true,"href":"https:\/\/languages.upatras.gr\/el\/wp-json\/wp\/v2\/users\/2"}],"replies":[{"embeddable":true,"href":"https:\/\/languages.upatras.gr\/el\/wp-json\/wp\/v2\/comments?post=1134"}],"version-history":[{"count":14,"href":"https:\/\/languages.upatras.gr\/el\/wp-json\/wp\/v2\/pages\/1134\/revisions"}],"predecessor-version":[{"id":3180,"href":"https:\/\/languages.upatras.gr\/el\/wp-json\/wp\/v2\/pages\/1134\/revisions\/3180"}],"wp:featuredmedia":[{"embeddable":true,"href":"https:\/\/languages.upatras.gr\/el\/wp-json\/wp\/v2\/media\/1208"}],"wp:attachment":[{"href":"https:\/\/languages.upatras.gr\/el\/wp-json\/wp\/v2\/media?parent=1134"}],"curies":[{"name":"wp","href":"https:\/\/api.w.org\/{rel}","templated":true}]}}